{"id":239,"date":"2016-09-09T20:54:14","date_gmt":"2016-09-09T18:54:14","guid":{"rendered":"http:\/\/aksvb-strasbourg.fr\/vi\/?page_id=239"},"modified":"2019-09-09T15:14:51","modified_gmt":"2019-09-09T13:14:51","slug":"dang-ky-hoc","status":"publish","type":"page","link":"https:\/\/aksvb-strasbourg.fr\/vi\/dang-ky-hoc\/","title":{"rendered":"\u0110\u0103ng k\u00fd h\u1ecdc"},"content":{"rendered":"","protected":false},"excerpt":{"rendered":"","protected":false},"author":1,"featured_media":0,"parent":0,"menu_order":0,"comment_status":"closed","ping_status":"closed","template":"","meta":{"footnotes":""},"acf":[],"yoast_head":"<!-- This site is optimized with the Yoast SEO plugin v19.9 - https:\/\/yoast.com\/wordpress\/plugins\/seo\/ -->\n<title>\u0110\u0103ng k\u00fd h\u1ecdc - AKSVB<\/title>\n<meta name=\"robots\" content=\"index, follow, max-snippet:-1, max-image-preview:large, max-video-preview:-1\" \/>\n<link rel=\"canonical\" href=\"https:\/\/aksvb-strasbourg.fr\/vi\/dang-ky-hoc\/\" \/>\n<meta property=\"og:locale\" content=\"vi_VN\" \/>\n<meta property=\"og:type\" content=\"article\" \/>\n<meta property=\"og:title\" content=\"\u0110\u0103ng k\u00fd h\u1ecdc - AKSVB\" \/>\n<meta property=\"og:url\" content=\"https:\/\/aksvb-strasbourg.fr\/vi\/dang-ky-hoc\/\" \/>\n<meta property=\"og:site_name\" content=\"AKSVB\" \/>\n<meta property=\"article:modified_time\" content=\"2019-09-09T13:14:51+00:00\" \/>\n<meta name=\"twitter:card\" content=\"summary_large_image\" \/>\n<script type=\"application\/ld+json\" class=\"yoast-schema-graph\">{\"@context\":\"https:\/\/schema.org\",\"@graph\":[{\"@type\":\"WebPage\",\"@id\":\"https:\/\/aksvb-strasbourg.fr\/vi\/dang-ky-hoc\/\",\"url\":\"https:\/\/aksvb-strasbourg.fr\/vi\/dang-ky-hoc\/\",\"name\":\"\u0110\u0103ng k\u00fd h\u1ecdc - AKSVB\",\"isPartOf\":{\"@id\":\"https:\/\/aksvb-strasbourg.fr\/#website\"},\"datePublished\":\"2016-09-09T18:54:14+00:00\",\"dateModified\":\"2019-09-09T13:14:51+00:00\",\"breadcrumb\":{\"@id\":\"https:\/\/aksvb-strasbourg.fr\/vi\/dang-ky-hoc\/#breadcrumb\"},\"inLanguage\":\"vi\",\"potentialAction\":[{\"@type\":\"ReadAction\",\"target\":[\"https:\/\/aksvb-strasbourg.fr\/vi\/dang-ky-hoc\/\"]}]},{\"@type\":\"BreadcrumbList\",\"@id\":\"https:\/\/aksvb-strasbourg.fr\/vi\/dang-ky-hoc\/#breadcrumb\",\"itemListElement\":[{\"@type\":\"ListItem\",\"position\":1,\"name\":\"Accueil\",\"item\":\"https:\/\/aksvb-strasbourg.fr\/vi\/hoan-nghenh\/\"},{\"@type\":\"ListItem\",\"position\":2,\"name\":\"\u0110\u0103ng k\u00fd h\u1ecdc\"}]},{\"@type\":\"WebSite\",\"@id\":\"https:\/\/aksvb-strasbourg.fr\/#website\",\"url\":\"https:\/\/aksvb-strasbourg.fr\/\",\"name\":\"AKSVB\",\"description\":\"Thi\u1ebfu L\u00e2m V\u0169 B\u00e1\",\"potentialAction\":[{\"@type\":\"SearchAction\",\"target\":{\"@type\":\"EntryPoint\",\"urlTemplate\":\"https:\/\/aksvb-strasbourg.fr\/?s={search_term_string}\"},\"query-input\":\"required name=search_term_string\"}],\"inLanguage\":\"vi\"}]}<\/script>\n<!-- \/ Yoast SEO plugin. -->","yoast_head_json":{"title":"\u0110\u0103ng k\u00fd h\u1ecdc - AKSVB","robots":{"index":"index","follow":"follow","max-snippet":"max-snippet:-1","max-image-preview":"max-image-preview:large","max-video-preview":"max-video-preview:-1"},"canonical":"https:\/\/aksvb-strasbourg.fr\/vi\/dang-ky-hoc\/","og_locale":"vi_VN","og_type":"article","og_title":"\u0110\u0103ng k\u00fd h\u1ecdc - AKSVB","og_url":"https:\/\/aksvb-strasbourg.fr\/vi\/dang-ky-hoc\/","og_site_name":"AKSVB","article_modified_time":"2019-09-09T13:14:51+00:00","twitter_card":"summary_large_image","schema":{"@context":"https:\/\/schema.org","@graph":[{"@type":"WebPage","@id":"https:\/\/aksvb-strasbourg.fr\/vi\/dang-ky-hoc\/","url":"https:\/\/aksvb-strasbourg.fr\/vi\/dang-ky-hoc\/","name":"\u0110\u0103ng k\u00fd h\u1ecdc - AKSVB","isPartOf":{"@id":"https:\/\/aksvb-strasbourg.fr\/#website"},"datePublished":"2016-09-09T18:54:14+00:00","dateModified":"2019-09-09T13:14:51+00:00","breadcrumb":{"@id":"https:\/\/aksvb-strasbourg.fr\/vi\/dang-ky-hoc\/#breadcrumb"},"inLanguage":"vi","potentialAction":[{"@type":"ReadAction","target":["https:\/\/aksvb-strasbourg.fr\/vi\/dang-ky-hoc\/"]}]},{"@type":"BreadcrumbList","@id":"https:\/\/aksvb-strasbourg.fr\/vi\/dang-ky-hoc\/#breadcrumb","itemListElement":[{"@type":"ListItem","position":1,"name":"Accueil","item":"https:\/\/aksvb-strasbourg.fr\/vi\/hoan-nghenh\/"},{"@type":"ListItem","position":2,"name":"\u0110\u0103ng k\u00fd h\u1ecdc"}]},{"@type":"WebSite","@id":"https:\/\/aksvb-strasbourg.fr\/#website","url":"https:\/\/aksvb-strasbourg.fr\/","name":"AKSVB","description":"Thi\u1ebfu L\u00e2m V\u0169 B\u00e1","potentialAction":[{"@type":"SearchAction","target":{"@type":"EntryPoint","urlTemplate":"https:\/\/aksvb-strasbourg.fr\/?s={search_term_string}"},"query-input":"required name=search_term_string"}],"inLanguage":"vi"}]}},"_links":{"self":[{"href":"https:\/\/aksvb-strasbourg.fr\/vi\/wp-json\/wp\/v2\/pages\/239"}],"collection":[{"href":"https:\/\/aksvb-strasbourg.fr\/vi\/wp-json\/wp\/v2\/pages"}],"about":[{"href":"https:\/\/aksvb-strasbourg.fr\/vi\/wp-json\/wp\/v2\/types\/page"}],"author":[{"embeddable":true,"href":"https:\/\/aksvb-strasbourg.fr\/vi\/wp-json\/wp\/v2\/users\/1"}],"replies":[{"embeddable":true,"href":"https:\/\/aksvb-strasbourg.fr\/vi\/wp-json\/wp\/v2\/comments?post=239"}],"version-history":[{"count":4,"href":"https:\/\/aksvb-strasbourg.fr\/vi\/wp-json\/wp\/v2\/pages\/239\/revisions"}],"predecessor-version":[{"id":433,"href":"https:\/\/aksvb-strasbourg.fr\/vi\/wp-json\/wp\/v2\/pages\/239\/revisions\/433"}],"wp:attachment":[{"href":"https:\/\/aksvb-strasbourg.fr\/vi\/wp-json\/wp\/v2\/media?parent=239"}],"curies":[{"name":"wp","href":"https:\/\/api.w.org\/{rel}","templated":true}]}}