{"id":243,"date":"2016-09-09T21:01:57","date_gmt":"2016-09-09T19:01:57","guid":{"rendered":"http:\/\/aksvb-strasbourg.fr\/vi\/?page_id=243"},"modified":"2016-09-09T21:01:57","modified_gmt":"2016-09-09T19:01:57","slug":"cac-cuoc-bieu-dien","status":"publish","type":"page","link":"https:\/\/aksvb-strasbourg.fr\/vi\/cac-cuoc-bieu-dien\/","title":{"rendered":"C\u00e1c cu\u1ed9c bi\u1ec3u di\u1ec5n"},"content":{"rendered":"","protected":false},"excerpt":{"rendered":"","protected":false},"author":1,"featured_media":0,"parent":0,"menu_order":0,"comment_status":"closed","ping_status":"closed","template":"","meta":{"footnotes":""},"acf":[],"yoast_head":"<!-- This site is optimized with the Yoast SEO plugin v19.9 - https:\/\/yoast.com\/wordpress\/plugins\/seo\/ -->\n<title>C\u00e1c cu\u1ed9c bi\u1ec3u di\u1ec5n - AKSVB<\/title>\n<meta name=\"robots\" content=\"index, follow, max-snippet:-1, max-image-preview:large, max-video-preview:-1\" \/>\n<link rel=\"canonical\" href=\"http:\/\/aksvb-strasbourg.fr\/vi\/cac-cuoc-bieu-dien\/\" \/>\n<meta property=\"og:locale\" content=\"vi_VN\" \/>\n<meta property=\"og:type\" content=\"article\" \/>\n<meta property=\"og:title\" content=\"C\u00e1c cu\u1ed9c bi\u1ec3u di\u1ec5n - AKSVB\" \/>\n<meta property=\"og:url\" content=\"http:\/\/aksvb-strasbourg.fr\/vi\/cac-cuoc-bieu-dien\/\" \/>\n<meta property=\"og:site_name\" content=\"AKSVB\" \/>\n<meta name=\"twitter:card\" content=\"summary_large_image\" \/>\n<script type=\"application\/ld+json\" class=\"yoast-schema-graph\">{\"@context\":\"https:\/\/schema.org\",\"@graph\":[{\"@type\":\"WebPage\",\"@id\":\"http:\/\/aksvb-strasbourg.fr\/vi\/cac-cuoc-bieu-dien\/\",\"url\":\"http:\/\/aksvb-strasbourg.fr\/vi\/cac-cuoc-bieu-dien\/\",\"name\":\"C\u00e1c cu\u1ed9c bi\u1ec3u di\u1ec5n - AKSVB\",\"isPartOf\":{\"@id\":\"https:\/\/aksvb-strasbourg.fr\/#website\"},\"datePublished\":\"2016-09-09T19:01:57+00:00\",\"dateModified\":\"2016-09-09T19:01:57+00:00\",\"breadcrumb\":{\"@id\":\"http:\/\/aksvb-strasbourg.fr\/vi\/cac-cuoc-bieu-dien\/#breadcrumb\"},\"inLanguage\":\"vi\",\"potentialAction\":[{\"@type\":\"ReadAction\",\"target\":[\"http:\/\/aksvb-strasbourg.fr\/vi\/cac-cuoc-bieu-dien\/\"]}]},{\"@type\":\"BreadcrumbList\",\"@id\":\"http:\/\/aksvb-strasbourg.fr\/vi\/cac-cuoc-bieu-dien\/#breadcrumb\",\"itemListElement\":[{\"@type\":\"ListItem\",\"position\":1,\"name\":\"Accueil\",\"item\":\"https:\/\/aksvb-strasbourg.fr\/vi\/hoan-nghenh\/\"},{\"@type\":\"ListItem\",\"position\":2,\"name\":\"C\u00e1c cu\u1ed9c bi\u1ec3u di\u1ec5n\"}]},{\"@type\":\"WebSite\",\"@id\":\"https:\/\/aksvb-strasbourg.fr\/#website\",\"url\":\"https:\/\/aksvb-strasbourg.fr\/\",\"name\":\"AKSVB\",\"description\":\"Thi\u1ebfu L\u00e2m V\u0169 B\u00e1\",\"potentialAction\":[{\"@type\":\"SearchAction\",\"target\":{\"@type\":\"EntryPoint\",\"urlTemplate\":\"https:\/\/aksvb-strasbourg.fr\/?s={search_term_string}\"},\"query-input\":\"required name=search_term_string\"}],\"inLanguage\":\"vi\"}]}<\/script>\n<!-- \/ Yoast SEO plugin. -->","yoast_head_json":{"title":"C\u00e1c cu\u1ed9c bi\u1ec3u di\u1ec5n - AKSVB","robots":{"index":"index","follow":"follow","max-snippet":"max-snippet:-1","max-image-preview":"max-image-preview:large","max-video-preview":"max-video-preview:-1"},"canonical":"http:\/\/aksvb-strasbourg.fr\/vi\/cac-cuoc-bieu-dien\/","og_locale":"vi_VN","og_type":"article","og_title":"C\u00e1c cu\u1ed9c bi\u1ec3u di\u1ec5n - AKSVB","og_url":"http:\/\/aksvb-strasbourg.fr\/vi\/cac-cuoc-bieu-dien\/","og_site_name":"AKSVB","twitter_card":"summary_large_image","schema":{"@context":"https:\/\/schema.org","@graph":[{"@type":"WebPage","@id":"http:\/\/aksvb-strasbourg.fr\/vi\/cac-cuoc-bieu-dien\/","url":"http:\/\/aksvb-strasbourg.fr\/vi\/cac-cuoc-bieu-dien\/","name":"C\u00e1c cu\u1ed9c bi\u1ec3u di\u1ec5n - AKSVB","isPartOf":{"@id":"https:\/\/aksvb-strasbourg.fr\/#website"},"datePublished":"2016-09-09T19:01:57+00:00","dateModified":"2016-09-09T19:01:57+00:00","breadcrumb":{"@id":"http:\/\/aksvb-strasbourg.fr\/vi\/cac-cuoc-bieu-dien\/#breadcrumb"},"inLanguage":"vi","potentialAction":[{"@type":"ReadAction","target":["http:\/\/aksvb-strasbourg.fr\/vi\/cac-cuoc-bieu-dien\/"]}]},{"@type":"BreadcrumbList","@id":"http:\/\/aksvb-strasbourg.fr\/vi\/cac-cuoc-bieu-dien\/#breadcrumb","itemListElement":[{"@type":"ListItem","position":1,"name":"Accueil","item":"https:\/\/aksvb-strasbourg.fr\/vi\/hoan-nghenh\/"},{"@type":"ListItem","position":2,"name":"C\u00e1c cu\u1ed9c bi\u1ec3u di\u1ec5n"}]},{"@type":"WebSite","@id":"https:\/\/aksvb-strasbourg.fr\/#website","url":"https:\/\/aksvb-strasbourg.fr\/","name":"AKSVB","description":"Thi\u1ebfu L\u00e2m V\u0169 B\u00e1","potentialAction":[{"@type":"SearchAction","target":{"@type":"EntryPoint","urlTemplate":"https:\/\/aksvb-strasbourg.fr\/?s={search_term_string}"},"query-input":"required name=search_term_string"}],"inLanguage":"vi"}]}},"_links":{"self":[{"href":"https:\/\/aksvb-strasbourg.fr\/vi\/wp-json\/wp\/v2\/pages\/243"}],"collection":[{"href":"https:\/\/aksvb-strasbourg.fr\/vi\/wp-json\/wp\/v2\/pages"}],"about":[{"href":"https:\/\/aksvb-strasbourg.fr\/vi\/wp-json\/wp\/v2\/types\/page"}],"author":[{"embeddable":true,"href":"https:\/\/aksvb-strasbourg.fr\/vi\/wp-json\/wp\/v2\/users\/1"}],"replies":[{"embeddable":true,"href":"https:\/\/aksvb-strasbourg.fr\/vi\/wp-json\/wp\/v2\/comments?post=243"}],"version-history":[{"count":1,"href":"https:\/\/aksvb-strasbourg.fr\/vi\/wp-json\/wp\/v2\/pages\/243\/revisions"}],"predecessor-version":[{"id":244,"href":"https:\/\/aksvb-strasbourg.fr\/vi\/wp-json\/wp\/v2\/pages\/243\/revisions\/244"}],"wp:attachment":[{"href":"https:\/\/aksvb-strasbourg.fr\/vi\/wp-json\/wp\/v2\/media?parent=243"}],"curies":[{"name":"wp","href":"https:\/\/api.w.org\/{rel}","templated":true}]}}