{"id":271,"date":"2016-09-09T22:27:19","date_gmt":"2016-09-09T20:27:19","guid":{"rendered":"http:\/\/aksvb-strasbourg.fr\/vi\/?page_id=271"},"modified":"2023-07-06T11:21:03","modified_gmt":"2023-07-06T09:21:03","slug":"hoan-nghenh","status":"publish","type":"page","link":"https:\/\/aksvb-strasbourg.fr\/vi\/","title":{"rendered":"Hoan Ngh\u00eanh"},"content":{"rendered":"","protected":false},"excerpt":{"rendered":"","protected":false},"author":1,"featured_media":0,"parent":0,"menu_order":0,"comment_status":"closed","ping_status":"closed","template":"","meta":{"footnotes":""},"acf":[],"yoast_head":"<!-- This site is optimized with the Yoast SEO plugin v19.9 - https:\/\/yoast.com\/wordpress\/plugins\/seo\/ -->\n<title>Hoan Ngh\u00eanh - AKSVB<\/title>\n<meta name=\"robots\" content=\"index, follow, max-snippet:-1, max-image-preview:large, max-video-preview:-1\" \/>\n<link rel=\"canonical\" href=\"https:\/\/aksvb-strasbourg.fr\/vi\/hoan-nghenh\/\" \/>\n<meta property=\"og:locale\" content=\"vi_VN\" \/>\n<meta property=\"og:type\" content=\"article\" \/>\n<meta property=\"og:title\" content=\"Hoan Ngh\u00eanh - AKSVB\" \/>\n<meta property=\"og:url\" content=\"https:\/\/aksvb-strasbourg.fr\/vi\/hoan-nghenh\/\" \/>\n<meta property=\"og:site_name\" content=\"AKSVB\" \/>\n<meta property=\"article:modified_time\" content=\"2023-07-06T09:21:03+00:00\" \/>\n<meta name=\"twitter:card\" content=\"summary_large_image\" \/>\n<script type=\"application\/ld+json\" class=\"yoast-schema-graph\">{\"@context\":\"https:\/\/schema.org\",\"@graph\":[{\"@type\":\"WebPage\",\"@id\":\"https:\/\/aksvb-strasbourg.fr\/vi\/hoan-nghenh\/\",\"url\":\"https:\/\/aksvb-strasbourg.fr\/vi\/hoan-nghenh\/\",\"name\":\"Hoan Ngh\u00eanh - AKSVB\",\"isPartOf\":{\"@id\":\"https:\/\/aksvb-strasbourg.fr\/#website\"},\"datePublished\":\"2016-09-09T20:27:19+00:00\",\"dateModified\":\"2023-07-06T09:21:03+00:00\",\"breadcrumb\":{\"@id\":\"https:\/\/aksvb-strasbourg.fr\/vi\/hoan-nghenh\/#breadcrumb\"},\"inLanguage\":\"vi\",\"potentialAction\":[{\"@type\":\"ReadAction\",\"target\":[\"https:\/\/aksvb-strasbourg.fr\/vi\/hoan-nghenh\/\"]}]},{\"@type\":\"BreadcrumbList\",\"@id\":\"https:\/\/aksvb-strasbourg.fr\/vi\/hoan-nghenh\/#breadcrumb\",\"itemListElement\":[{\"@type\":\"ListItem\",\"position\":1,\"name\":\"Accueil\",\"item\":\"https:\/\/aksvb-strasbourg.fr\/vi\/hoan-nghenh\/\"},{\"@type\":\"ListItem\",\"position\":2,\"name\":\"Hoan Ngh\u00eanh\"}]},{\"@type\":\"WebSite\",\"@id\":\"https:\/\/aksvb-strasbourg.fr\/#website\",\"url\":\"https:\/\/aksvb-strasbourg.fr\/\",\"name\":\"AKSVB\",\"description\":\"Thi\u1ebfu L\u00e2m V\u0169 B\u00e1\",\"potentialAction\":[{\"@type\":\"SearchAction\",\"target\":{\"@type\":\"EntryPoint\",\"urlTemplate\":\"https:\/\/aksvb-strasbourg.fr\/?s={search_term_string}\"},\"query-input\":\"required name=search_term_string\"}],\"inLanguage\":\"vi\"}]}<\/script>\n<!-- \/ Yoast SEO plugin. -->","yoast_head_json":{"title":"Hoan Ngh\u00eanh - AKSVB","robots":{"index":"index","follow":"follow","max-snippet":"max-snippet:-1","max-image-preview":"max-image-preview:large","max-video-preview":"max-video-preview:-1"},"canonical":"https:\/\/aksvb-strasbourg.fr\/vi\/hoan-nghenh\/","og_locale":"vi_VN","og_type":"article","og_title":"Hoan Ngh\u00eanh - AKSVB","og_url":"https:\/\/aksvb-strasbourg.fr\/vi\/hoan-nghenh\/","og_site_name":"AKSVB","article_modified_time":"2023-07-06T09:21:03+00:00","twitter_card":"summary_large_image","schema":{"@context":"https:\/\/schema.org","@graph":[{"@type":"WebPage","@id":"https:\/\/aksvb-strasbourg.fr\/vi\/hoan-nghenh\/","url":"https:\/\/aksvb-strasbourg.fr\/vi\/hoan-nghenh\/","name":"Hoan Ngh\u00eanh - AKSVB","isPartOf":{"@id":"https:\/\/aksvb-strasbourg.fr\/#website"},"datePublished":"2016-09-09T20:27:19+00:00","dateModified":"2023-07-06T09:21:03+00:00","breadcrumb":{"@id":"https:\/\/aksvb-strasbourg.fr\/vi\/hoan-nghenh\/#breadcrumb"},"inLanguage":"vi","potentialAction":[{"@type":"ReadAction","target":["https:\/\/aksvb-strasbourg.fr\/vi\/hoan-nghenh\/"]}]},{"@type":"BreadcrumbList","@id":"https:\/\/aksvb-strasbourg.fr\/vi\/hoan-nghenh\/#breadcrumb","itemListElement":[{"@type":"ListItem","position":1,"name":"Accueil","item":"https:\/\/aksvb-strasbourg.fr\/vi\/hoan-nghenh\/"},{"@type":"ListItem","position":2,"name":"Hoan Ngh\u00eanh"}]},{"@type":"WebSite","@id":"https:\/\/aksvb-strasbourg.fr\/#website","url":"https:\/\/aksvb-strasbourg.fr\/","name":"AKSVB","description":"Thi\u1ebfu L\u00e2m V\u0169 B\u00e1","potentialAction":[{"@type":"SearchAction","target":{"@type":"EntryPoint","urlTemplate":"https:\/\/aksvb-strasbourg.fr\/?s={search_term_string}"},"query-input":"required name=search_term_string"}],"inLanguage":"vi"}]}},"_links":{"self":[{"href":"https:\/\/aksvb-strasbourg.fr\/vi\/wp-json\/wp\/v2\/pages\/271"}],"collection":[{"href":"https:\/\/aksvb-strasbourg.fr\/vi\/wp-json\/wp\/v2\/pages"}],"about":[{"href":"https:\/\/aksvb-strasbourg.fr\/vi\/wp-json\/wp\/v2\/types\/page"}],"author":[{"embeddable":true,"href":"https:\/\/aksvb-strasbourg.fr\/vi\/wp-json\/wp\/v2\/users\/1"}],"replies":[{"embeddable":true,"href":"https:\/\/aksvb-strasbourg.fr\/vi\/wp-json\/wp\/v2\/comments?post=271"}],"version-history":[{"count":5,"href":"https:\/\/aksvb-strasbourg.fr\/vi\/wp-json\/wp\/v2\/pages\/271\/revisions"}],"predecessor-version":[{"id":1117,"href":"https:\/\/aksvb-strasbourg.fr\/vi\/wp-json\/wp\/v2\/pages\/271\/revisions\/1117"}],"wp:attachment":[{"href":"https:\/\/aksvb-strasbourg.fr\/vi\/wp-json\/wp\/v2\/media?parent=271"}],"curies":[{"name":"wp","href":"https:\/\/api.w.org\/{rel}","templated":true}]}}